{"id":3706,"date":"2022-11-01T07:18:34","date_gmt":"2022-11-01T07:18:34","guid":{"rendered":"https:\/\/shengsenwiremesh.com\/enquete-envoyee\/"},"modified":"2023-01-31T06:34:15","modified_gmt":"2023-01-31T06:34:15","slug":"enquete-envoyee","status":"publish","type":"page","link":"https:\/\/shengsenwiremesh.com\/fr\/enquete-envoyee\/","title":{"rendered":"Enqu\u00eate envoy\u00e9e"},"content":{"rendered":"<p><div class=\"fusion-fullwidth fullwidth-box fusion-builder-row-1 fusion-flex-container has-pattern-background has-mask-background nonhundred-percent-fullwidth non-hundred-percent-height-scrolling\" style=\"--awb-border-radius-top-left:0px;--awb-border-radius-top-right:0px;--awb-border-radius-bottom-right:0px;--awb-border-radius-bottom-left:0px;--awb-padding-top:80px;--awb-padding-bottom:80px;--awb-flex-wrap:wrap;\" ><div class=\"fusion-builder-row fusion-row fusion-flex-align-items-flex-start fusion-flex-content-wrap\" style=\"max-width:1248px;margin-left: calc(-4% \/ 2 );margin-right: calc(-4% \/ 2 );\"><div class=\"fusion-layout-column fusion_builder_column fusion-builder-column-0 fusion_builder_column_1_1 1_1 fusion-flex-column\" style=\"--awb-bg-size:cover;--awb-width-large:100%;--awb-margin-top-large:0px;--awb-spacing-right-large:1.92%;--awb-margin-bottom-large:20px;--awb-spacing-left-large:1.92%;--awb-width-medium:100%;--awb-order-medium:0;--awb-spacing-right-medium:1.92%;--awb-spacing-left-medium:1.92%;--awb-width-small:100%;--awb-order-small:0;--awb-spacing-right-small:1.92%;--awb-spacing-left-small:1.92%;\"><div class=\"fusion-column-wrapper fusion-column-has-shadow fusion-flex-justify-content-flex-start fusion-content-layout-column\"><i class=\"fb-icon-element-1 fb-icon-element fontawesome-icon fa-envelope-open-text fas circle-no\" style=\"--awb-iconcolor:var(--awb-custom_color_6);--awb-iconcolor-hover:var(--awb-custom_color_6);--awb-font-size:120px;--awb-align-self:center;--awb-margin-top:0px;--awb-margin-right:0px;--awb-margin-bottom:60px;--awb-margin-left:0px;\"><\/i><div class=\"fusion-text fusion-text-1 fusion-text-no-margin\" style=\"--awb-content-alignment:center;--awb-font-size:32px;--awb-margin-bottom:0px;\"><p data-fusion-font=\"true\" data-fusion-google-font=\"Inter\" data-fusion-google-variant=\"600\" style=\"font-family: Inter; font-weight: 600;\">Merci de contacter Shengsen !<\/p>\n<\/div><div class=\"fusion-text fusion-text-2 fusion-text-no-margin\" style=\"--awb-content-alignment:center;--awb-margin-bottom:40px;\"><p>Votre message a \u00e9t\u00e9 envoy\u00e9. Nos sp\u00e9cialistes vous r\u00e9pondront dans les 12 heures.<\/p>\n<\/div><div style=\"text-align:center;\"><a class=\"fusion-button button-flat fusion-button-default-size button-default fusion-button-default button-1 fusion-button-span-no fusion-button-default-type\" style=\"--awb-padding-right:80px;--awb-padding-left:80px;\" target=\"_self\" href=\"https:\/\/shengsenwiremesh.com\/fr\/\"><span class=\"fusion-button-text awb-button__text awb-button__text--default\">Rentrer \u00e0 la maison<\/span><\/a><\/div><\/div><\/div><\/div><\/div><div class=\"fusion-fullwidth fullwidth-box fusion-builder-row-2 fusion-flex-container has-pattern-background has-mask-background nonhundred-percent-fullwidth non-hundred-percent-height-scrolling\" style=\"--awb-border-radius-top-left:0px;--awb-border-radius-top-right:0px;--awb-border-radius-bottom-right:0px;--awb-border-radius-bottom-left:0px;--awb-padding-top:60px;--awb-padding-bottom:120px;--awb-background-color:var(--awb-color3);--awb-flex-wrap:wrap;\" ><div class=\"fusion-builder-row fusion-row fusion-flex-align-items-flex-start fusion-flex-justify-content-center fusion-flex-content-wrap\" style=\"max-width:calc( 1200px + 30px );margin-left: calc(-30px \/ 2 );margin-right: calc(-30px \/ 2 );\"><div class=\"fusion-layout-column fusion_builder_column fusion-builder-column-1 fusion_builder_column_1_1 1_1 fusion-flex-column\" style=\"--awb-bg-size:cover;--awb-width-large:100%;--awb-margin-top-large:0px;--awb-spacing-right-large:15px;--awb-margin-bottom-large:20px;--awb-spacing-left-large:15px;--awb-width-medium:100%;--awb-order-medium:0;--awb-spacing-right-medium:15px;--awb-spacing-left-medium:15px;--awb-width-small:100%;--awb-order-small:0;--awb-spacing-right-small:15px;--awb-spacing-left-small:15px;\"><div class=\"fusion-column-wrapper fusion-column-has-shadow fusion-flex-justify-content-flex-start fusion-content-layout-column\"><div class=\"fusion-text fusion-text-3\"><h3 style=\"font-size: 28px; font-family: Inter; font-weight: 600; color: var(--awb-custom_color_1); --fontSize:24; line-height: 1.2;\" data-fusion-font=\"true\" data-fusion-google-font=\"Inter\" data-fusion-google-variant=\"600\" data-fontsize=\"24\" data-lineheight=\"28.8px\" class=\"fusion-responsive-typography-calculated\">Comment travailler avec Shengsen<\/h3>\n<\/div><\/div><\/div><div class=\"fusion-layout-column fusion_builder_column fusion-builder-column-2 fusion_builder_column_1_4 1_4 fusion-flex-column\" style=\"--awb-padding-top:40px;--awb-padding-right:20px;--awb-padding-bottom:20px;--awb-padding-left:20px;--awb-overflow:hidden;--awb-bg-color:var(--awb-color1);--awb-bg-color-hover:var(--awb-color1);--awb-bg-size:cover;--awb-border-color:var(--awb-custom_color_1);--awb-border-top:3px;--awb-border-right:3px;--awb-border-bottom:3px;--awb-border-left:3px;--awb-border-style:solid;--awb-border-radius:2px 40px 2px 2px;--awb-width-large:25%;--awb-margin-top-large:0px;--awb-spacing-right-large:15px;--awb-margin-bottom-large:20px;--awb-spacing-left-large:15px;--awb-width-medium:25%;--awb-order-medium:0;--awb-spacing-right-medium:15px;--awb-spacing-left-medium:15px;--awb-width-small:100%;--awb-order-small:0;--awb-spacing-right-small:15px;--awb-spacing-left-small:15px;\"><div class=\"fusion-column-wrapper fusion-column-has-shadow fusion-flex-justify-content-flex-start fusion-content-layout-column\"><i class=\"fb-icon-element-2 fb-icon-element fontawesome-icon fa-file-alt fas circle-no fusion-text-flow\" style=\"--awb-iconcolor:var(--awb-custom_color_5);--awb-iconcolor-hover:var(--awb-custom_color_5);--awb-font-size:55px;--awb-margin-bottom:20px;--awb-margin-left:20px;\"><\/i><div class=\"fusion-text fusion-text-4\"><p data-fusion-font=\"true\" data-fusion-google-font=\"Inter\" data-fusion-google-variant=\"600\" style=\"font-family: Inter; font-weight: 600; font-size: 15px;\">Discussion sur les sp\u00e9cifications<\/p>\n<\/div><div class=\"fusion-text fusion-text-5\"><p style=\"font-size: 14px; line-height: 20px;\" data-fusion-font=\"true\">Pour commencer, il suffit de contacter nos sp\u00e9cialistes et de confirmer les sp\u00e9cifications et les applications.<\/p>\n<\/div><div class=\"fusion-separator fusion-full-width-sep\" style=\"align-self: center;margin-left: auto;margin-right: auto;margin-top:10px;margin-bottom:10px;width:100%;\"><div class=\"fusion-separator-border sep-single sep-solid\" style=\"--awb-height:20px;--awb-amount:20px;border-color:var(--awb-color3);border-top-width:1px;\"><\/div><\/div><div class=\"accordian fusion-accordian\" style=\"--awb-border-size:1px;--awb-icon-size:16px;--awb-content-font-size:14px;--awb-icon-alignment:right;--awb-hover-color:var(--awb-color2);--awb-border-color:var(--awb-color3);--awb-background-color:var(--awb-color1);--awb-divider-color:var(--awb-color3);--awb-divider-hover-color:var(--awb-color3);--awb-icon-color:var(--awb-custom_color_3);--awb-title-color:var(--awb-color8);--awb-content-color:var(--awb-custom_color_1);--awb-icon-box-color:var(--awb-color8);--awb-toggle-hover-accent-color:var(--awb-custom_color_1);--awb-title-font-family:var(--awb-typography1-font-family);--awb-title-font-weight:var(--awb-typography1-font-weight);--awb-title-font-style:var(--awb-typography1-font-style);--awb-title-font-size:16px;--awb-content-font-family:var(--awb-typography4-font-family);--awb-content-font-weight:var(--awb-typography4-font-weight);--awb-content-font-style:var(--awb-typography4-font-style);\"><div class=\"panel-group fusion-toggle-icon-right fusion-toggle-icon-unboxed\" id=\"accordion-3706-1\"><div class=\"fusion-panel panel-default panel-217739d2da8db7b5f fusion-toggle-no-divider\"><div class=\"panel-heading\"><div class=\"panel-title toggle\" id=\"toggle_217739d2da8db7b5f\"><a aria-expanded=\"false\" aria-controls=\"217739d2da8db7b5f\" role=\"button\" data-toggle=\"collapse\" data-parent=\"#accordion-3706-1\" data-target=\"#217739d2da8db7b5f\" href=\"#217739d2da8db7b5f\"><span class=\"fusion-toggle-icon-wrapper\" aria-hidden=\"true\"><i class=\"fa-fusion-box active-icon awb-icon-minus\" aria-hidden=\"true\"><\/i><i class=\"fa-fusion-box inactive-icon awb-icon-plus\" aria-hidden=\"true\"><\/i><\/span><span class=\"fusion-toggle-heading\">Afficher les contacts en ligne<\/span><\/a><\/div><\/div><div id=\"217739d2da8db7b5f\" class=\"panel-collapse collapse \" aria-labelledby=\"toggle_217739d2da8db7b5f\"><div class=\"panel-body toggle-content fusion-clearfix\">\n<p style=\"line-height: 20px;\" data-fusion-font=\"true\">Que votre projet soit simple ou compliqu\u00e9, tous vos courriels envoy\u00e9s \u00e0 <a href=\"mailto:admin@shengsenwiremesh.com\">admin@shengsenwiremesh.com<\/a> sera r\u00e9pondu dans les 12 heures.<\/p>\n<\/div><\/div><\/div><\/div><\/div><\/div><\/div><div class=\"fusion-layout-column fusion_builder_column fusion-builder-column-3 fusion_builder_column_1_4 1_4 fusion-flex-column\" style=\"--awb-padding-top:40px;--awb-padding-right:20px;--awb-padding-bottom:20px;--awb-padding-left:20px;--awb-overflow:hidden;--awb-bg-color:var(--awb-color1);--awb-bg-color-hover:var(--awb-color1);--awb-bg-size:cover;--awb-border-color:var(--awb-custom_color_1);--awb-border-top:3px;--awb-border-right:3px;--awb-border-bottom:3px;--awb-border-left:3px;--awb-border-style:solid;--awb-border-radius:2px 40px 2px 2px;--awb-width-large:25%;--awb-margin-top-large:0px;--awb-spacing-right-large:15px;--awb-margin-bottom-large:20px;--awb-spacing-left-large:15px;--awb-width-medium:25%;--awb-order-medium:0;--awb-spacing-right-medium:15px;--awb-spacing-left-medium:15px;--awb-width-small:100%;--awb-order-small:0;--awb-spacing-right-small:15px;--awb-spacing-left-small:15px;\"><div class=\"fusion-column-wrapper fusion-column-has-shadow fusion-flex-justify-content-flex-start fusion-content-layout-column\"><i class=\"fb-icon-element-3 fb-icon-element fontawesome-icon fa-user-cog fas circle-no fusion-text-flow\" style=\"--awb-iconcolor:var(--awb-custom_color_5);--awb-iconcolor-hover:var(--awb-custom_color_5);--awb-font-size:55px;--awb-margin-bottom:20px;--awb-margin-left:20px;\"><\/i><div class=\"fusion-text fusion-text-6\"><p data-fusion-font=\"true\" data-fusion-google-font=\"Inter\" data-fusion-google-variant=\"600\" style=\"font-family: Inter; font-weight: 600; font-size: 15px;\">Analyse de la fabrication<\/p>\n<\/div><div class=\"fusion-text fusion-text-7\"><p style=\"font-size: 14px; line-height: 20px;\" data-fusion-font=\"true\">Dans les heures qui suivent, nous vous enverrons les d\u00e9tails de l&rsquo;analyse de fabricabilit\u00e9 et les prix en temps r\u00e9el.<\/p>\n<\/div><div class=\"fusion-separator fusion-full-width-sep\" style=\"align-self: center;margin-left: auto;margin-right: auto;margin-top:10px;margin-bottom:10px;width:100%;\"><div class=\"fusion-separator-border sep-single sep-solid\" style=\"--awb-height:20px;--awb-amount:20px;border-color:var(--awb-color3);border-top-width:1px;\"><\/div><\/div><div class=\"accordian fusion-accordian\" style=\"--awb-border-size:1px;--awb-icon-size:16px;--awb-content-font-size:14px;--awb-icon-alignment:right;--awb-hover-color:var(--awb-color2);--awb-border-color:var(--awb-color3);--awb-background-color:var(--awb-color1);--awb-divider-color:var(--awb-color3);--awb-divider-hover-color:var(--awb-color3);--awb-icon-color:var(--awb-custom_color_3);--awb-title-color:var(--awb-color8);--awb-content-color:var(--awb-custom_color_1);--awb-icon-box-color:var(--awb-color8);--awb-toggle-hover-accent-color:var(--awb-custom_color_1);--awb-title-font-family:var(--awb-typography1-font-family);--awb-title-font-weight:var(--awb-typography1-font-weight);--awb-title-font-style:var(--awb-typography1-font-style);--awb-title-font-size:16px;--awb-content-font-family:var(--awb-typography4-font-family);--awb-content-font-weight:var(--awb-typography4-font-weight);--awb-content-font-style:var(--awb-typography4-font-style);\"><div class=\"panel-group fusion-toggle-icon-right fusion-toggle-icon-unboxed\" id=\"accordion-3706-2\"><div class=\"fusion-panel panel-default panel-5a447b488043594dd fusion-toggle-no-divider\"><div class=\"panel-heading\"><div class=\"panel-title toggle\" id=\"toggle_5a447b488043594dd\"><a aria-expanded=\"false\" aria-controls=\"5a447b488043594dd\" role=\"button\" data-toggle=\"collapse\" data-parent=\"#accordion-3706-2\" data-target=\"#5a447b488043594dd\" href=\"#5a447b488043594dd\"><span class=\"fusion-toggle-icon-wrapper\" aria-hidden=\"true\"><i class=\"fa-fusion-box active-icon awb-icon-minus\" aria-hidden=\"true\"><\/i><i class=\"fa-fusion-box inactive-icon awb-icon-plus\" aria-hidden=\"true\"><\/i><\/span><span class=\"fusion-toggle-heading\">Voir les d\u00e9tails<\/span><\/a><\/div><\/div><div id=\"5a447b488043594dd\" class=\"panel-collapse collapse \" aria-labelledby=\"toggle_5a447b488043594dd\"><div class=\"panel-body toggle-content fusion-clearfix\">\n<p style=\"line-height: 20px;\" data-fusion-font=\"true\">En plus d&rsquo;un prix pr\u00e9cis, notre devis interactif mentionne toutes les caract\u00e9ristiques difficiles \u00e0 fabriquer pour le produit en treillis m\u00e9tallique que vous avez s\u00e9lectionn\u00e9. Cela peut aller du fil difficile \u00e0 galvanis\u00e9 et du panneau en treillis m\u00e9tallique \u00e0 la cl\u00f4ture en treillis m\u00e9tallique finie.<\/p>\n<\/div><\/div><\/div><\/div><\/div><\/div><\/div><div class=\"fusion-layout-column fusion_builder_column fusion-builder-column-4 fusion_builder_column_1_4 1_4 fusion-flex-column\" style=\"--awb-padding-top:40px;--awb-padding-right:20px;--awb-padding-bottom:20px;--awb-padding-left:20px;--awb-overflow:hidden;--awb-bg-color:var(--awb-color1);--awb-bg-color-hover:var(--awb-color1);--awb-bg-size:cover;--awb-border-color:var(--awb-custom_color_1);--awb-border-top:3px;--awb-border-right:3px;--awb-border-bottom:3px;--awb-border-left:3px;--awb-border-style:solid;--awb-border-radius:2px 40px 2px 2px;--awb-width-large:25%;--awb-margin-top-large:0px;--awb-spacing-right-large:15px;--awb-margin-bottom-large:20px;--awb-spacing-left-large:15px;--awb-width-medium:25%;--awb-order-medium:0;--awb-spacing-right-medium:15px;--awb-spacing-left-medium:15px;--awb-width-small:100%;--awb-order-small:0;--awb-spacing-right-small:15px;--awb-spacing-left-small:15px;\"><div class=\"fusion-column-wrapper fusion-column-has-shadow fusion-flex-justify-content-flex-start fusion-content-layout-column\"><i class=\"fb-icon-element-4 fb-icon-element fontawesome-icon fa-pallet fas circle-no fusion-text-flow\" style=\"--awb-iconcolor:var(--awb-custom_color_5);--awb-iconcolor-hover:var(--awb-custom_color_5);--awb-font-size:55px;--awb-margin-bottom:20px;--awb-margin-left:20px;\"><\/i><div class=\"fusion-text fusion-text-8\"><p data-fusion-font=\"true\" data-fusion-google-font=\"Inter\" data-fusion-google-variant=\"600\" style=\"font-family: Inter; font-weight: 600; font-size: 15px;\">D\u00e9but de la fabrication<\/p>\n<\/div><div class=\"fusion-text fusion-text-9\"><p style=\"font-size: 14px; line-height: 20px;\" data-fusion-font=\"true\">Une fois que vous aurez examin\u00e9 votre devis et pass\u00e9 votre commande, nous lancerons le processus de fabrication. Nous proposons \u00e9galement des options d&#8217;emballage.<\/p>\n<\/div><div class=\"fusion-separator fusion-full-width-sep\" style=\"align-self: center;margin-left: auto;margin-right: auto;width:100%;\"><div class=\"fusion-separator-border sep-single sep-solid\" style=\"--awb-height:20px;--awb-amount:20px;border-color:var(--awb-color3);border-top-width:1px;\"><\/div><\/div><div class=\"accordian fusion-accordian\" style=\"--awb-border-size:1px;--awb-icon-size:16px;--awb-content-font-size:14px;--awb-icon-alignment:right;--awb-hover-color:var(--awb-color2);--awb-border-color:var(--awb-color3);--awb-background-color:var(--awb-color1);--awb-divider-color:var(--awb-color3);--awb-divider-hover-color:var(--awb-color3);--awb-icon-color:var(--awb-custom_color_3);--awb-title-color:var(--awb-color8);--awb-content-color:var(--awb-custom_color_1);--awb-icon-box-color:var(--awb-color8);--awb-toggle-hover-accent-color:var(--awb-custom_color_1);--awb-title-font-family:var(--awb-typography1-font-family);--awb-title-font-weight:var(--awb-typography1-font-weight);--awb-title-font-style:var(--awb-typography1-font-style);--awb-title-font-size:16px;--awb-content-font-family:var(--awb-typography4-font-family);--awb-content-font-weight:var(--awb-typography4-font-weight);--awb-content-font-style:var(--awb-typography4-font-style);\"><div class=\"panel-group fusion-toggle-icon-right fusion-toggle-icon-unboxed\" id=\"accordion-3706-3\"><div class=\"fusion-panel panel-default panel-1fdaa2bd0fbb7f11a fusion-toggle-no-divider\"><div class=\"panel-heading\"><div class=\"panel-title toggle\" id=\"toggle_1fdaa2bd0fbb7f11a\"><a aria-expanded=\"false\" aria-controls=\"1fdaa2bd0fbb7f11a\" role=\"button\" data-toggle=\"collapse\" data-parent=\"#accordion-3706-3\" data-target=\"#1fdaa2bd0fbb7f11a\" href=\"#1fdaa2bd0fbb7f11a\"><span class=\"fusion-toggle-icon-wrapper\" aria-hidden=\"true\"><i class=\"fa-fusion-box active-icon awb-icon-minus\" aria-hidden=\"true\"><\/i><i class=\"fa-fusion-box inactive-icon awb-icon-plus\" aria-hidden=\"true\"><\/i><\/span><span class=\"fusion-toggle-heading\">Voir les options d'emballage<\/span><\/a><\/div><\/div><div id=\"1fdaa2bd0fbb7f11a\" class=\"panel-collapse collapse \" aria-labelledby=\"toggle_1fdaa2bd0fbb7f11a\"><div class=\"panel-body toggle-content fusion-clearfix\">\n<p style=\"line-height: 20px;\" data-fusion-font=\"true\">Nous offrons une vari\u00e9t\u00e9 d&rsquo;options d&#8217;emballage pour tous les produits en treillis m\u00e9tallique de fabrication. Il peut s&rsquo;agir de papier imperm\u00e9able, de film r\u00e9tractable, de paquets, de palettes en bois et de palettes en fer.<\/p>\n<\/div><\/div><\/div><\/div><\/div><\/div><\/div><div class=\"fusion-layout-column fusion_builder_column fusion-builder-column-5 fusion_builder_column_1_4 1_4 fusion-flex-column\" style=\"--awb-padding-top:40px;--awb-padding-right:20px;--awb-padding-bottom:20px;--awb-padding-left:20px;--awb-overflow:hidden;--awb-bg-color:var(--awb-color1);--awb-bg-color-hover:var(--awb-color1);--awb-bg-size:cover;--awb-border-color:var(--awb-custom_color_6);--awb-border-top:3px;--awb-border-right:3px;--awb-border-bottom:3px;--awb-border-left:3px;--awb-border-style:solid;--awb-border-radius:2px 40px 2px 2px;--awb-width-large:25%;--awb-margin-top-large:0px;--awb-spacing-right-large:15px;--awb-margin-bottom-large:20px;--awb-spacing-left-large:15px;--awb-width-medium:25%;--awb-order-medium:0;--awb-spacing-right-medium:15px;--awb-spacing-left-medium:15px;--awb-width-small:100%;--awb-order-small:0;--awb-spacing-right-small:15px;--awb-spacing-left-small:15px;\"><div class=\"fusion-column-wrapper fusion-column-has-shadow fusion-flex-justify-content-flex-start fusion-content-layout-column\"><i class=\"fb-icon-element-5 fb-icon-element fontawesome-icon fa-box-open fas circle-no fusion-text-flow\" style=\"--awb-iconcolor:var(--awb-custom_color_5);--awb-iconcolor-hover:var(--awb-custom_color_5);--awb-font-size:55px;--awb-margin-bottom:20px;--awb-margin-left:20px;\"><\/i><div class=\"fusion-text fusion-text-10\"><p data-fusion-font=\"true\" data-fusion-google-font=\"Inter\" data-fusion-google-variant=\"600\" style=\"font-family: Inter; font-weight: 600; font-size: 15px;\">Produits exp\u00e9di\u00e9s !<\/p>\n<\/div><div class=\"fusion-text fusion-text-11\"><p style=\"font-size: 14px; line-height: 20px;\" data-fusion-font=\"true\">Notre processus de fabrication de treillis m\u00e9tallique nous permet de produire des produits dans un d\u00e9lai de 1 \u00e0 2 semaines.<\/p>\n<\/div><div ><a class=\"fusion-button button-flat fusion-button-default-size button-custom fusion-button-default button-2 fusion-button-span-yes fusion-button-default-type\" style=\"--awb-margin-top:20px;--button_accent_color:var(--awb-color1);--button_accent_hover_color:var(--awb-color1);--button_border_hover_color:var(--awb-color1);--button_gradient_top_color:var(--awb-custom_color_6);--button_gradient_bottom_color:var(--awb-custom_color_6);--button_gradient_top_color_hover:var(--awb-custom_color_3);--button_gradient_bottom_color_hover:var(--awb-custom_color_3);\" target=\"_self\" href=\"https:\/\/shengsenwiremesh.com\/inquiry\/\"><span class=\"fusion-button-text awb-button__text awb-button__text--default\">Obtenez un devis aujourd&rsquo;hui<\/span><\/a><\/div><\/div><\/div><\/div><\/div><\/p>\n","protected":false},"excerpt":{"rendered":"","protected":false},"author":1,"featured_media":0,"parent":0,"menu_order":0,"comment_status":"closed","ping_status":"closed","template":"100-width.php","meta":{"footnotes":""},"class_list":["post-3706","page","type-page","status-publish","hentry"],"_links":{"self":[{"href":"https:\/\/shengsenwiremesh.com\/fr\/wp-json\/wp\/v2\/pages\/3706","targetHints":{"allow":["GET"]}}],"collection":[{"href":"https:\/\/shengsenwiremesh.com\/fr\/wp-json\/wp\/v2\/pages"}],"about":[{"href":"https:\/\/shengsenwiremesh.com\/fr\/wp-json\/wp\/v2\/types\/page"}],"author":[{"embeddable":true,"href":"https:\/\/shengsenwiremesh.com\/fr\/wp-json\/wp\/v2\/users\/1"}],"replies":[{"embeddable":true,"href":"https:\/\/shengsenwiremesh.com\/fr\/wp-json\/wp\/v2\/comments?post=3706"}],"version-history":[{"count":2,"href":"https:\/\/shengsenwiremesh.com\/fr\/wp-json\/wp\/v2\/pages\/3706\/revisions"}],"predecessor-version":[{"id":3708,"href":"https:\/\/shengsenwiremesh.com\/fr\/wp-json\/wp\/v2\/pages\/3706\/revisions\/3708"}],"wp:attachment":[{"href":"https:\/\/shengsenwiremesh.com\/fr\/wp-json\/wp\/v2\/media?parent=3706"}],"curies":[{"name":"wp","href":"https:\/\/api.w.org\/{rel}","templated":true}]}}