{"id":2059,"date":"2022-11-01T07:18:34","date_gmt":"2022-11-01T07:18:34","guid":{"rendered":"https:\/\/shengsenwiremesh.com\/consulta-enviada\/"},"modified":"2022-11-28T09:15:55","modified_gmt":"2022-11-28T09:15:55","slug":"consulta-enviada","status":"publish","type":"page","link":"https:\/\/shengsenwiremesh.com\/es\/consulta-enviada\/","title":{"rendered":"Consulta enviada"},"content":{"rendered":"<p><div class=\"fusion-fullwidth fullwidth-box fusion-builder-row-1 fusion-flex-container has-pattern-background has-mask-background nonhundred-percent-fullwidth non-hundred-percent-height-scrolling\" style=\"--awb-border-radius-top-left:0px;--awb-border-radius-top-right:0px;--awb-border-radius-bottom-right:0px;--awb-border-radius-bottom-left:0px;--awb-padding-top:80px;--awb-padding-bottom:80px;--awb-flex-wrap:wrap;\" ><div class=\"fusion-builder-row fusion-row fusion-flex-align-items-flex-start fusion-flex-content-wrap\" style=\"max-width:1248px;margin-left: calc(-4% \/ 2 );margin-right: calc(-4% \/ 2 );\"><div class=\"fusion-layout-column fusion_builder_column fusion-builder-column-0 fusion_builder_column_1_1 1_1 fusion-flex-column\" style=\"--awb-bg-size:cover;--awb-width-large:100%;--awb-margin-top-large:0px;--awb-spacing-right-large:1.92%;--awb-margin-bottom-large:20px;--awb-spacing-left-large:1.92%;--awb-width-medium:100%;--awb-order-medium:0;--awb-spacing-right-medium:1.92%;--awb-spacing-left-medium:1.92%;--awb-width-small:100%;--awb-order-small:0;--awb-spacing-right-small:1.92%;--awb-spacing-left-small:1.92%;\"><div class=\"fusion-column-wrapper fusion-column-has-shadow fusion-flex-justify-content-flex-start fusion-content-layout-column\"><i class=\"fb-icon-element-1 fb-icon-element fontawesome-icon fa-envelope-open-text fas circle-no\" style=\"--awb-iconcolor:var(--awb-custom_color_6);--awb-iconcolor-hover:var(--awb-custom_color_6);--awb-font-size:120px;--awb-align-self:center;--awb-margin-top:0px;--awb-margin-right:0px;--awb-margin-bottom:60px;--awb-margin-left:0px;\"><\/i><div class=\"fusion-text fusion-text-1 fusion-text-no-margin\" style=\"--awb-content-alignment:center;--awb-font-size:32px;--awb-margin-bottom:0px;\"><p data-fusion-font=\"true\" data-fusion-google-font=\"Inter\" data-fusion-google-variant=\"600\" style=\"font-family: Inter; font-weight: 600;\">Gracias por contactar con Shengsen.<\/p>\n<\/div><div class=\"fusion-text fusion-text-2 fusion-text-no-margin\" style=\"--awb-content-alignment:center;--awb-margin-bottom:40px;\"><p>Su mensaje ha sido enviado. Nuestros especialistas se pondr\u00e1n en contacto con usted en un plazo de 12 horas.<\/p>\n<\/div><div style=\"text-align:center;\"><a class=\"fusion-button button-flat fusion-button-default-size button-default fusion-button-default button-1 fusion-button-span-no fusion-button-default-type\" style=\"--button_padding-right:80px;--button_padding-left:80px;\" target=\"_self\" href=\"https:\/\/shengsenwiremesh.com\/es\/\"><span class=\"fusion-button-text awb-button__text awb-button__text--default\">Ir a casa<\/span><\/a><\/div><\/div><\/div><\/div><\/div><div class=\"fusion-fullwidth fullwidth-box fusion-builder-row-2 fusion-flex-container has-pattern-background has-mask-background nonhundred-percent-fullwidth non-hundred-percent-height-scrolling\" style=\"--awb-border-radius-top-left:0px;--awb-border-radius-top-right:0px;--awb-border-radius-bottom-right:0px;--awb-border-radius-bottom-left:0px;--awb-padding-top:60px;--awb-padding-bottom:120px;--awb-background-color:var(--awb-color3);--awb-flex-wrap:wrap;\" ><div class=\"fusion-builder-row fusion-row fusion-flex-align-items-flex-start fusion-flex-justify-content-center fusion-flex-content-wrap\" style=\"max-width:calc( 1200px + 30px );margin-left: calc(-30px \/ 2 );margin-right: calc(-30px \/ 2 );\"><div class=\"fusion-layout-column fusion_builder_column fusion-builder-column-1 fusion_builder_column_1_1 1_1 fusion-flex-column\" style=\"--awb-bg-size:cover;--awb-width-large:100%;--awb-margin-top-large:0px;--awb-spacing-right-large:15px;--awb-margin-bottom-large:20px;--awb-spacing-left-large:15px;--awb-width-medium:100%;--awb-order-medium:0;--awb-spacing-right-medium:15px;--awb-spacing-left-medium:15px;--awb-width-small:100%;--awb-order-small:0;--awb-spacing-right-small:15px;--awb-spacing-left-small:15px;\"><div class=\"fusion-column-wrapper fusion-column-has-shadow fusion-flex-justify-content-flex-start fusion-content-layout-column\"><div class=\"fusion-text fusion-text-3\"><h3 style=\"font-size: 28px; font-family: Inter; font-weight: 600; color: var(--awb-custom_color_1); --fontSize:24; line-height: 1.2;\" data-fusion-font=\"true\" data-fusion-google-font=\"Inter\" data-fusion-google-variant=\"600\" data-fontsize=\"24\" data-lineheight=\"28.8px\" class=\"fusion-responsive-typography-calculated\">C\u00f3mo trabajar con Shengsen<\/h3>\n<\/div><\/div><\/div><div class=\"fusion-layout-column fusion_builder_column fusion-builder-column-2 fusion_builder_column_1_4 1_4 fusion-flex-column\" style=\"--awb-padding-top:40px;--awb-padding-right:20px;--awb-padding-bottom:20px;--awb-padding-left:20px;--awb-overflow:hidden;--awb-bg-color:var(--awb-color1);--awb-bg-color-hover:var(--awb-color1);--awb-bg-size:cover;--awb-border-color:var(--awb-custom_color_1);--awb-border-top:3px;--awb-border-right:3px;--awb-border-bottom:3px;--awb-border-left:3px;--awb-border-style:solid;--awb-border-radius:2px 40px 2px 2px;--awb-width-large:25%;--awb-margin-top-large:0px;--awb-spacing-right-large:15px;--awb-margin-bottom-large:20px;--awb-spacing-left-large:15px;--awb-width-medium:25%;--awb-order-medium:0;--awb-spacing-right-medium:15px;--awb-spacing-left-medium:15px;--awb-width-small:100%;--awb-order-small:0;--awb-spacing-right-small:15px;--awb-spacing-left-small:15px;\"><div class=\"fusion-column-wrapper fusion-column-has-shadow fusion-flex-justify-content-flex-start fusion-content-layout-column\"><i class=\"fb-icon-element-2 fb-icon-element fontawesome-icon fa-file-alt fas circle-no fusion-text-flow\" style=\"--awb-iconcolor:var(--awb-custom_color_5);--awb-iconcolor-hover:var(--awb-custom_color_5);--awb-font-size:55px;--awb-margin-bottom:20px;--awb-margin-left:20px;\"><\/i><div class=\"fusion-text fusion-text-4\"><p data-fusion-font=\"true\" data-fusion-google-font=\"Inter\" data-fusion-google-variant=\"600\" style=\"font-family: Inter; font-weight: 600; font-size: 15px;\">Debate sobre las especificaciones<\/p>\n<\/div><div class=\"fusion-text fusion-text-5\"><p style=\"font-size: 14px; line-height: 20px;\" data-fusion-font=\"true\">Para empezar, basta con ponerse en contacto con nuestros especialistas y confirmar las especificaciones y aplicaciones.<\/p>\n<\/div><div class=\"fusion-separator fusion-full-width-sep\" style=\"align-self: center;margin-left: auto;margin-right: auto;margin-top:10px;margin-bottom:10px;width:100%;\"><div class=\"fusion-separator-border sep-single sep-solid\" style=\"--awb-height:20px;--awb-amount:20px;border-color:var(--awb-color3);border-top-width:1px;\"><\/div><\/div><div class=\"accordian fusion-accordian\" style=\"--awb-border-size:1px;--awb-icon-size:16px;--awb-content-font-size:14px;--awb-icon-alignment:right;--awb-hover-color:var(--awb-color2);--awb-border-color:var(--awb-color3);--awb-background-color:var(--awb-color1);--awb-divider-color:var(--awb-color3);--awb-divider-hover-color:var(--awb-color3);--awb-icon-color:var(--awb-custom_color_3);--awb-title-color:var(--awb-color8);--awb-content-color:var(--awb-custom_color_1);--awb-icon-box-color:var(--awb-color8);--awb-toggle-hover-accent-color:var(--awb-custom_color_1);--awb-title-font-family:var(--awb-typography1-font-family);--awb-title-font-weight:var(--awb-typography1-font-weight);--awb-title-font-style:var(--awb-typography1-font-style);--awb-title-font-size:16px;--awb-content-font-family:var(--awb-typography4-font-family);--awb-content-font-weight:var(--awb-typography4-font-weight);--awb-content-font-style:var(--awb-typography4-font-style);\"><div class=\"panel-group fusion-toggle-icon-right fusion-toggle-icon-unboxed\" id=\"accordion-2059-1\"><div class=\"fusion-panel panel-default panel-86088e59ee68eca81 fusion-toggle-no-divider\"><div class=\"panel-heading\"><div class=\"panel-title toggle\" id=\"toggle_86088e59ee68eca81\"><a aria-expanded=\"false\" aria-controls=\"86088e59ee68eca81\" role=\"button\" data-toggle=\"collapse\" data-parent=\"#accordion-2059-1\" data-target=\"#86088e59ee68eca81\" href=\"#86088e59ee68eca81\"><span class=\"fusion-toggle-icon-wrapper\" aria-hidden=\"true\"><i class=\"fa-fusion-box active-icon awb-icon-minus\" aria-hidden=\"true\"><\/i><i class=\"fa-fusion-box inactive-icon awb-icon-plus\" aria-hidden=\"true\"><\/i><\/span><span class=\"fusion-toggle-heading\">Ver contactos en l\u00ednea<\/span><\/a><\/div><\/div><div id=\"86088e59ee68eca81\" class=\"panel-collapse collapse \" aria-labelledby=\"toggle_86088e59ee68eca81\"><div class=\"panel-body toggle-content fusion-clearfix\">\n<p style=\"line-height: 20px;\" data-fusion-font=\"true\">No importa si su proyecto es complicado o sencillo, todos sus correos electr\u00f3nicos enviados a <a href=\"mailto:admin@shengsenwiremesh.com\">admin@shengsenwiremesh.com<\/a> ser\u00e1n respondidos en un plazo de 12 horas.<\/p>\n<\/div><\/div><\/div><\/div><\/div><\/div><\/div><div class=\"fusion-layout-column fusion_builder_column fusion-builder-column-3 fusion_builder_column_1_4 1_4 fusion-flex-column\" style=\"--awb-padding-top:40px;--awb-padding-right:20px;--awb-padding-bottom:20px;--awb-padding-left:20px;--awb-overflow:hidden;--awb-bg-color:var(--awb-color1);--awb-bg-color-hover:var(--awb-color1);--awb-bg-size:cover;--awb-border-color:var(--awb-custom_color_1);--awb-border-top:3px;--awb-border-right:3px;--awb-border-bottom:3px;--awb-border-left:3px;--awb-border-style:solid;--awb-border-radius:2px 40px 2px 2px;--awb-width-large:25%;--awb-margin-top-large:0px;--awb-spacing-right-large:15px;--awb-margin-bottom-large:20px;--awb-spacing-left-large:15px;--awb-width-medium:25%;--awb-order-medium:0;--awb-spacing-right-medium:15px;--awb-spacing-left-medium:15px;--awb-width-small:100%;--awb-order-small:0;--awb-spacing-right-small:15px;--awb-spacing-left-small:15px;\"><div class=\"fusion-column-wrapper fusion-column-has-shadow fusion-flex-justify-content-flex-start fusion-content-layout-column\"><i class=\"fb-icon-element-3 fb-icon-element fontawesome-icon fa-user-cog fas circle-no fusion-text-flow\" style=\"--awb-iconcolor:var(--awb-custom_color_5);--awb-iconcolor-hover:var(--awb-custom_color_5);--awb-font-size:55px;--awb-margin-bottom:20px;--awb-margin-left:20px;\"><\/i><div class=\"fusion-text fusion-text-6\"><p data-fusion-font=\"true\" data-fusion-google-font=\"Inter\" data-fusion-google-variant=\"600\" style=\"font-family: Inter; font-weight: 600; font-size: 15px;\">An\u00e1lisis de la fabricaci\u00f3n<\/p>\n<\/div><div class=\"fusion-text fusion-text-7\"><p style=\"font-size: 14px; line-height: 20px;\" data-fusion-font=\"true\">En pocas horas le enviaremos los detalles para el an\u00e1lisis de fabricabilidad y los precios en tiempo real.<\/p>\n<\/div><div class=\"fusion-separator fusion-full-width-sep\" style=\"align-self: center;margin-left: auto;margin-right: auto;margin-top:10px;margin-bottom:10px;width:100%;\"><div class=\"fusion-separator-border sep-single sep-solid\" style=\"--awb-height:20px;--awb-amount:20px;border-color:var(--awb-color3);border-top-width:1px;\"><\/div><\/div><div class=\"accordian fusion-accordian\" style=\"--awb-border-size:1px;--awb-icon-size:16px;--awb-content-font-size:14px;--awb-icon-alignment:right;--awb-hover-color:var(--awb-color2);--awb-border-color:var(--awb-color3);--awb-background-color:var(--awb-color1);--awb-divider-color:var(--awb-color3);--awb-divider-hover-color:var(--awb-color3);--awb-icon-color:var(--awb-custom_color_3);--awb-title-color:var(--awb-color8);--awb-content-color:var(--awb-custom_color_1);--awb-icon-box-color:var(--awb-color8);--awb-toggle-hover-accent-color:var(--awb-custom_color_1);--awb-title-font-family:var(--awb-typography1-font-family);--awb-title-font-weight:var(--awb-typography1-font-weight);--awb-title-font-style:var(--awb-typography1-font-style);--awb-title-font-size:16px;--awb-content-font-family:var(--awb-typography4-font-family);--awb-content-font-weight:var(--awb-typography4-font-weight);--awb-content-font-style:var(--awb-typography4-font-style);\"><div class=\"panel-group fusion-toggle-icon-right fusion-toggle-icon-unboxed\" id=\"accordion-2059-2\"><div class=\"fusion-panel panel-default panel-2553c1d91b37242c7 fusion-toggle-no-divider\"><div class=\"panel-heading\"><div class=\"panel-title toggle\" id=\"toggle_2553c1d91b37242c7\"><a aria-expanded=\"false\" aria-controls=\"2553c1d91b37242c7\" role=\"button\" data-toggle=\"collapse\" data-parent=\"#accordion-2059-2\" data-target=\"#2553c1d91b37242c7\" href=\"#2553c1d91b37242c7\"><span class=\"fusion-toggle-icon-wrapper\" aria-hidden=\"true\"><i class=\"fa-fusion-box active-icon awb-icon-minus\" aria-hidden=\"true\"><\/i><i class=\"fa-fusion-box inactive-icon awb-icon-plus\" aria-hidden=\"true\"><\/i><\/span><span class=\"fusion-toggle-heading\">Ver detalles<\/span><\/a><\/div><\/div><div id=\"2553c1d91b37242c7\" class=\"panel-collapse collapse \" aria-labelledby=\"toggle_2553c1d91b37242c7\"><div class=\"panel-body toggle-content fusion-clearfix\">\n<p style=\"line-height: 20px;\" data-fusion-font=\"true\">Adem\u00e1s del precio exacto, nuestro presupuesto interactivo le indicar\u00e1 las caracter\u00edsticas dif\u00edciles de fabricar seg\u00fan el producto de malla met\u00e1lica que haya seleccionado. Esto puede ir desde el dif\u00edcil alambre galvanizado y el panel de malla de alambre hasta la valla de malla de alambre terminada.<\/p>\n<\/div><\/div><\/div><\/div><\/div><\/div><\/div><div class=\"fusion-layout-column fusion_builder_column fusion-builder-column-4 fusion_builder_column_1_4 1_4 fusion-flex-column\" style=\"--awb-padding-top:40px;--awb-padding-right:20px;--awb-padding-bottom:20px;--awb-padding-left:20px;--awb-overflow:hidden;--awb-bg-color:var(--awb-color1);--awb-bg-color-hover:var(--awb-color1);--awb-bg-size:cover;--awb-border-color:var(--awb-custom_color_1);--awb-border-top:3px;--awb-border-right:3px;--awb-border-bottom:3px;--awb-border-left:3px;--awb-border-style:solid;--awb-border-radius:2px 40px 2px 2px;--awb-width-large:25%;--awb-margin-top-large:0px;--awb-spacing-right-large:15px;--awb-margin-bottom-large:20px;--awb-spacing-left-large:15px;--awb-width-medium:25%;--awb-order-medium:0;--awb-spacing-right-medium:15px;--awb-spacing-left-medium:15px;--awb-width-small:100%;--awb-order-small:0;--awb-spacing-right-small:15px;--awb-spacing-left-small:15px;\"><div class=\"fusion-column-wrapper fusion-column-has-shadow fusion-flex-justify-content-flex-start fusion-content-layout-column\"><i class=\"fb-icon-element-4 fb-icon-element fontawesome-icon fa-pallet fas circle-no fusion-text-flow\" style=\"--awb-iconcolor:var(--awb-custom_color_5);--awb-iconcolor-hover:var(--awb-custom_color_5);--awb-font-size:55px;--awb-margin-bottom:20px;--awb-margin-left:20px;\"><\/i><div class=\"fusion-text fusion-text-8\"><p data-fusion-font=\"true\" data-fusion-google-font=\"Inter\" data-fusion-google-variant=\"600\" style=\"font-family: Inter; font-weight: 600; font-size: 15px;\">Comienza la fabricaci\u00f3n<\/p>\n<\/div><div class=\"fusion-text fusion-text-9\"><p style=\"font-size: 14px; line-height: 20px;\" data-fusion-font=\"true\">Una vez que revise su presupuesto y haga su pedido, comenzaremos el proceso de fabricaci\u00f3n. Tambi\u00e9n ofrecemos opciones de embalaje.<\/p>\n<\/div><div class=\"fusion-separator fusion-full-width-sep\" style=\"align-self: center;margin-left: auto;margin-right: auto;width:100%;\"><div class=\"fusion-separator-border sep-single sep-solid\" style=\"--awb-height:20px;--awb-amount:20px;border-color:var(--awb-color3);border-top-width:1px;\"><\/div><\/div><div class=\"accordian fusion-accordian\" style=\"--awb-border-size:1px;--awb-icon-size:16px;--awb-content-font-size:14px;--awb-icon-alignment:right;--awb-hover-color:var(--awb-color2);--awb-border-color:var(--awb-color3);--awb-background-color:var(--awb-color1);--awb-divider-color:var(--awb-color3);--awb-divider-hover-color:var(--awb-color3);--awb-icon-color:var(--awb-custom_color_3);--awb-title-color:var(--awb-color8);--awb-content-color:var(--awb-custom_color_1);--awb-icon-box-color:var(--awb-color8);--awb-toggle-hover-accent-color:var(--awb-custom_color_1);--awb-title-font-family:var(--awb-typography1-font-family);--awb-title-font-weight:var(--awb-typography1-font-weight);--awb-title-font-style:var(--awb-typography1-font-style);--awb-title-font-size:16px;--awb-content-font-family:var(--awb-typography4-font-family);--awb-content-font-weight:var(--awb-typography4-font-weight);--awb-content-font-style:var(--awb-typography4-font-style);\"><div class=\"panel-group fusion-toggle-icon-right fusion-toggle-icon-unboxed\" id=\"accordion-2059-3\"><div class=\"fusion-panel panel-default panel-9df2069b8c7726382 fusion-toggle-no-divider\"><div class=\"panel-heading\"><div class=\"panel-title toggle\" id=\"toggle_9df2069b8c7726382\"><a aria-expanded=\"false\" aria-controls=\"9df2069b8c7726382\" role=\"button\" data-toggle=\"collapse\" data-parent=\"#accordion-2059-3\" data-target=\"#9df2069b8c7726382\" href=\"#9df2069b8c7726382\"><span class=\"fusion-toggle-icon-wrapper\" aria-hidden=\"true\"><i class=\"fa-fusion-box active-icon awb-icon-minus\" aria-hidden=\"true\"><\/i><i class=\"fa-fusion-box inactive-icon awb-icon-plus\" aria-hidden=\"true\"><\/i><\/span><span class=\"fusion-toggle-heading\">Ver opciones de embalaje<\/span><\/a><\/div><\/div><div id=\"9df2069b8c7726382\" class=\"panel-collapse collapse \" aria-labelledby=\"toggle_9df2069b8c7726382\"><div class=\"panel-body toggle-content fusion-clearfix\">\n<p style=\"line-height: 20px;\" data-fusion-font=\"true\">Ofrecemos una variedad de opciones de embalaje para todos los productos de malla met\u00e1lica de fabricaci\u00f3n. Estos pueden ir desde el papel impermeable, el film retr\u00e1ctil, los fardos hasta el pal\u00e9 de madera y el pal\u00e9 de hierro.<\/p>\n<\/div><\/div><\/div><\/div><\/div><\/div><\/div><div class=\"fusion-layout-column fusion_builder_column fusion-builder-column-5 fusion_builder_column_1_4 1_4 fusion-flex-column\" style=\"--awb-padding-top:40px;--awb-padding-right:20px;--awb-padding-bottom:20px;--awb-padding-left:20px;--awb-overflow:hidden;--awb-bg-color:var(--awb-color1);--awb-bg-color-hover:var(--awb-color1);--awb-bg-size:cover;--awb-border-color:var(--awb-custom_color_6);--awb-border-top:3px;--awb-border-right:3px;--awb-border-bottom:3px;--awb-border-left:3px;--awb-border-style:solid;--awb-border-radius:2px 40px 2px 2px;--awb-width-large:25%;--awb-margin-top-large:0px;--awb-spacing-right-large:15px;--awb-margin-bottom-large:20px;--awb-spacing-left-large:15px;--awb-width-medium:25%;--awb-order-medium:0;--awb-spacing-right-medium:15px;--awb-spacing-left-medium:15px;--awb-width-small:100%;--awb-order-small:0;--awb-spacing-right-small:15px;--awb-spacing-left-small:15px;\"><div class=\"fusion-column-wrapper fusion-column-has-shadow fusion-flex-justify-content-flex-start fusion-content-layout-column\"><i class=\"fb-icon-element-5 fb-icon-element fontawesome-icon fa-box-open fas circle-no fusion-text-flow\" style=\"--awb-iconcolor:var(--awb-custom_color_5);--awb-iconcolor-hover:var(--awb-custom_color_5);--awb-font-size:55px;--awb-margin-bottom:20px;--awb-margin-left:20px;\"><\/i><div class=\"fusion-text fusion-text-10\"><p data-fusion-font=\"true\" data-fusion-google-font=\"Inter\" data-fusion-google-variant=\"600\" style=\"font-family: Inter; font-weight: 600; font-size: 15px;\">\u00a1Productos enviados!<\/p>\n<\/div><div class=\"fusion-text fusion-text-11\"><p style=\"font-size: 14px; line-height: 20px;\" data-fusion-font=\"true\">Nuestro proceso de fabricaci\u00f3n de malla met\u00e1lica nos permite producir productos en un plazo de tan s\u00f3lo 1 a 2 semanas.<\/p>\n<\/div><div ><a class=\"fusion-button button-flat fusion-button-default-size button-custom fusion-button-default button-2 fusion-button-span-yes fusion-button-default-type\" style=\"--button_accent_color:var(--awb-color1);--button_accent_hover_color:var(--awb-color1);--button_border_hover_color:var(--awb-color1);--button_gradient_top_color:var(--awb-custom_color_6);--button_gradient_bottom_color:var(--awb-custom_color_6);--button_gradient_top_color_hover:var(--awb-custom_color_3);--button_gradient_bottom_color_hover:var(--awb-custom_color_3);--button_margin-top:20px;\" target=\"_self\" href=\"https:\/\/shengsenwiremesh.com\/es\/consulta\/\"><span class=\"fusion-button-text awb-button__text awb-button__text--default\">Obtenga un presupuesto hoy mismo<\/span><\/a><\/div><\/div><\/div><\/div><\/div><\/p>\n","protected":false},"excerpt":{"rendered":"","protected":false},"author":1,"featured_media":0,"parent":0,"menu_order":0,"comment_status":"closed","ping_status":"closed","template":"100-width.php","meta":{"footnotes":""},"class_list":["post-2059","page","type-page","status-publish","hentry"],"_links":{"self":[{"href":"https:\/\/shengsenwiremesh.com\/es\/wp-json\/wp\/v2\/pages\/2059","targetHints":{"allow":["GET"]}}],"collection":[{"href":"https:\/\/shengsenwiremesh.com\/es\/wp-json\/wp\/v2\/pages"}],"about":[{"href":"https:\/\/shengsenwiremesh.com\/es\/wp-json\/wp\/v2\/types\/page"}],"author":[{"embeddable":true,"href":"https:\/\/shengsenwiremesh.com\/es\/wp-json\/wp\/v2\/users\/1"}],"replies":[{"embeddable":true,"href":"https:\/\/shengsenwiremesh.com\/es\/wp-json\/wp\/v2\/comments?post=2059"}],"version-history":[{"count":2,"href":"https:\/\/shengsenwiremesh.com\/es\/wp-json\/wp\/v2\/pages\/2059\/revisions"}],"predecessor-version":[{"id":2061,"href":"https:\/\/shengsenwiremesh.com\/es\/wp-json\/wp\/v2\/pages\/2059\/revisions\/2061"}],"wp:attachment":[{"href":"https:\/\/shengsenwiremesh.com\/es\/wp-json\/wp\/v2\/media?parent=2059"}],"curies":[{"name":"wp","href":"https:\/\/api.w.org\/{rel}","templated":true}]}}